{"id":453,"date":"2021-11-09T16:58:55","date_gmt":"2021-11-09T21:58:55","guid":{"rendered":"https:\/\/bttstg.wpengine.com\/convertidor-usfm\/"},"modified":"2024-01-05T16:45:57","modified_gmt":"2024-01-05T21:45:57","slug":"convertidor-usfm","status":"publish","type":"page","link":"https:\/\/staging.bibletranslationtools.org\/es\/convertidor-usfm\/","title":{"rendered":"Convertidor USFM"},"content":{"rendered":"\n\n\t\t\t<a href=\"https:\/\/github.com\/Bible-Translation-Tools\/\" target=\"_blank\" rel=\"noopener\">\n\t\t\t\t\t\t\tDescargar\n\t\t\t\t\t<\/a>\n<h1>\n\t\tConvierte f\u00e1cil y r\u00e1pidamente archivos USFM.\n\t<\/h1>\n\t\t\t<a href=\"https:\/\/github.com\/Bible-Translation-Tools\/\" target=\"_blank\" rel=\"noopener\">\n\t\t\t\t\t\t\tDescargar \n\t\t\t\t\t<\/a>\n\t\t\t<a href=\"Caracter\u00edsticas del n\u00facleo\" target=\"_self\" rel=\"noopener\">\n\t\t\t\t\t\t\tAprende m\u00e1s\n\t\t\t\t\t<\/a>\n\t\t\t\t<img decoding=\"async\" src=\"https:\/\/staging.bibletranslationtools.org\/wp-content\/uploads\/2021\/07\/Format-Text.png\" alt=\"Icono de formato de texto\" itemprop=\"image\" title=\"Formato de texto\" onerror=\"this.style.display='none'\"  \/>\n\t<h4><strong>Formato de texto<\/strong><\/h4>\n<p>USFM Converter le permite personalizar su texto como desee.<\/p>\n\t\t\t\t<img decoding=\"async\" src=\"https:\/\/staging.bibletranslationtools.org\/wp-content\/uploads\/2021\/07\/File-Management.png\" alt=\"Icono de gesti\u00f3n de archivos\" itemprop=\"image\" title=\"Gesti\u00f3n de archivos\" onerror=\"this.style.display='none'\"  \/>\n\t<h4><strong>Gesti\u00f3n de archivos<\/strong><\/h4>\n<p>A\u00f1ade o elimina uno o varios archivos a la vez.<\/p>\n\t\t\t\t<img decoding=\"async\" src=\"https:\/\/staging.bibletranslationtools.org\/wp-content\/uploads\/2021\/07\/Easy-to-Read.png\" alt=\"F\u00e1cil de leer\" itemprop=\"image\" title=\"F\u00e1cil de leer\" onerror=\"this.style.display='none'\"  \/>\n\t<h4><strong>F\u00e1cil de leer<\/strong><\/h4>\n<p>USFM Converter transforma tus archivos USFM en un formato mucho m\u00e1s f\u00e1cil de leer.<\/p>\n\t\t\t\t<img decoding=\"async\" src=\"https:\/\/staging.bibletranslationtools.org\/wp-content\/uploads\/2021\/07\/File-Extension.png\" alt=\"Extensi\u00f3n del archivo\" itemprop=\"image\" title=\"Extensi\u00f3n del archivo\" onerror=\"this.style.display='none'\"  \/>\n\t<h4><strong>Extensiones de archivos<\/strong><\/h4>\n<p>USFM Converter admite la exportaci\u00f3n de proyectos a varios tipos de archivos, como Docx y PDF.<\/p>\n\t<h3><strong>Caracter\u00edsticas principales<\/strong><\/h3>\n<p>Estas son algunas de las principales razones por las que deber\u00eda utilizar .<\/p>\n\t<h3><strong>C\u00f3mo empezar<\/strong><\/h3>\n<p>Hay muchos recursos disponibles para ayudarte a empezar o desbloquearte.<\/p>\n<p>&nbsp;<\/p>\n\t\t\t\t<img decoding=\"async\" src=\"https:\/\/staging.bibletranslationtools.org\/wp-content\/uploads\/2021\/07\/Help-Desk.png\" alt=\"Icono del servicio de asistencia\" itemprop=\"image\" title=\"Servicio de asistencia\" onerror=\"this.style.display='none'\"  \/>\n\t<h4><strong>Servicio de asistencia<\/strong><\/h4>\nNuestro equipo de asistencia t\u00e9cnica estar\u00e1 encantado de ayudarle a resolver cualquier problema que tenga. Puede enviar un ticket o ponerse en contacto con nosotros directamente en <br \/>\n  <a href=\"mailto:helpdesk@techadvancement.com\">helpdesk@techadvancement.com.<\/a><br \/>\n\n\t\t\t<a href=\"https:\/\/ithelp.walink.org\/portal\/tickets\" target=\"_self\" rel=\"noopener\">\n\t\t\t\t\t\t\tEnviar un billete\n\t\t\t\t\t<\/a>\n\t\t\t\t<img decoding=\"async\" src=\"https:\/\/staging.bibletranslationtools.org\/wp-content\/uploads\/2021\/07\/Resources.png\" alt=\"Icono de recursos\" itemprop=\"image\" title=\"Recursos\" onerror=\"this.style.display='none'\"  \/>\n\t<h4><strong>Recursos de traducci\u00f3n<\/strong><\/h4>\n<p>\u00bfBusca un texto fuente o un audio para iniciar su pr\u00f3ximo proyecto de traducci\u00f3n? Disponemos de muchos recursos de texto y audio gratuitos en varios idiomas.<\/p>\n\t\t\t<a href=\"https:\/\/bibleineverylanguage.org\/translations\/\" target=\"_self\" rel=\"noopener\">\n\t\t\t\t\t\t\tBuscar recursos\n\t\t\t\t\t<\/a>\n\t<h3><strong>Descargar <\/strong><\/h3>\n<p>Empieza a traducir las Escrituras hoy mismo y ayuda a que la Palabra de Dios sea accesible para todos en todo el mundo.<\/p>\n\t\t\t<a href=\"https:\/\/github.com\/Bible-Translation-Tools\/USFM-Converter\" target=\"_blank\" rel=\"noopener\">\n\t\t\t\t\t\t\tDescargar \n\t\t\t\t\t<\/a>\n\t<h2>Suscr\u00edbase a nuestro bolet\u00edn de noticias<\/h2>\n<p>Regularmente a\u00f1adimos nuevas funciones y mejoras, as\u00ed que aseg\u00farate de estar suscrito a nuestro bolet\u00edn para que te avisemos cuando estas actualizaciones est\u00e9n disponibles.<\/p>\n\t\t\t\t<img decoding=\"async\" src=\"https:\/\/staging.bibletranslationtools.org\/wp-content\/uploads\/2021\/06\/WA-Logo-1-small.png\" alt=\"Logotipo de WA\" itemprop=\"image\" title=\"WA-Logo 1-peque\u00f1o\" onerror=\"this.style.display='none'\"  \/>\n\t<p>BTT ha sido desarrollado por Wycliffe Associates y nuestros socios para proporcionar acceso a las herramientas y recursos necesarios para completar el trabajo de traducci\u00f3n de la Biblia.<\/p>\n\t<p>Esta obra se encuentra bajo una <a href=\"https:\/\/creativecommons.org\/licenses\/by\/4.0\/\" rel=\"license\">licencia de Creative Commons Attribution 4.0 International License<\/a>.<\/p>\n\t<p>\u00a9 2021 Bible Translation Tools\u00a0|\u00a0Powered by\u00a0<a title=\"WordPress Page Builder Plugin\" href=\"http:\/\/www.wpbeaverbuilder.com\/?utm_medium=bb-pro&amp;utm_source=bb-theme&amp;utm_campaign=theme-footer\" target=\"_blank\" rel=\"nofollow noopener\">Beaver Builder<\/a><\/p>\n\n","protected":false},"excerpt":{"rendered":"<p>Descargar Convierte f\u00e1cil y r\u00e1pidamente archivos USFM. Descargar Aprende m\u00e1s Formato de texto USFM Converter le permite personalizar su texto como desee. Gesti\u00f3n de archivos A\u00f1ade o elimina uno o varios archivos a la vez. F\u00e1cil de leer USFM Converter transforma tus archivos USFM en un formato mucho m\u00e1s f\u00e1cil de leer. Extensiones de archivos&hellip;<\/p>\n","protected":false},"author":2,"featured_media":0,"parent":0,"menu_order":0,"comment_status":"closed","ping_status":"closed","template":"","meta":{"_acf_changed":false,"footnotes":""},"class_list":["post-453","page","type-page","status-publish","hentry"],"acf":[],"_links":{"self":[{"href":"https:\/\/staging.bibletranslationtools.org\/es\/wp-json\/wp\/v2\/pages\/453","targetHints":{"allow":["GET"]}}],"collection":[{"href":"https:\/\/staging.bibletranslationtools.org\/es\/wp-json\/wp\/v2\/pages"}],"about":[{"href":"https:\/\/staging.bibletranslationtools.org\/es\/wp-json\/wp\/v2\/types\/page"}],"author":[{"embeddable":true,"href":"https:\/\/staging.bibletranslationtools.org\/es\/wp-json\/wp\/v2\/users\/2"}],"replies":[{"embeddable":true,"href":"https:\/\/staging.bibletranslationtools.org\/es\/wp-json\/wp\/v2\/comments?post=453"}],"version-history":[{"count":0,"href":"https:\/\/staging.bibletranslationtools.org\/es\/wp-json\/wp\/v2\/pages\/453\/revisions"}],"wp:attachment":[{"href":"https:\/\/staging.bibletranslationtools.org\/es\/wp-json\/wp\/v2\/media?parent=453"}],"curies":[{"name":"wp","href":"https:\/\/api.w.org\/{rel}","templated":true}]}}